{"id":397,"date":"2024-03-18T17:17:57","date_gmt":"2024-03-18T16:17:57","guid":{"rendered":"https:\/\/www.magicplacebergamo.it\/appartamento-relax-copy\/"},"modified":"2024-09-05T16:29:43","modified_gmt":"2024-09-05T14:29:43","slug":"cookies-polityka-prywatnosci","status":"publish","type":"page","link":"https:\/\/www.magicplacebergamo.it\/pl\/cookies-privacy-policy\/","title":{"rendered":"Pliki cookie i polityka prywatno\u015bci"},"content":{"rendered":"<div data-elementor-type=\"wp-page\" data-elementor-id=\"397\" class=\"elementor elementor-397\">\n\t\t\t\t<div class=\"elementor-element elementor-element-3788ee7 e-con-full e-flex e-con e-parent\" data-id=\"3788ee7\" data-element_type=\"container\" data-e-type=\"container\" data-settings=\"{&quot;background_background&quot;:&quot;classic&quot;}\">\n\t\t\t\t<div class=\"elementor-element elementor-element-523413f elementor-widget elementor-widget-heading\" data-id=\"523413f\" data-element_type=\"widget\" data-e-type=\"widget\" data-widget_type=\"heading.default\">\n\t\t\t\t<div class=\"elementor-widget-container\">\n\t\t\t\t\t<div class=\"elementor-heading-title elementor-size-default\">Pliki cookie i<br>Prywatno\u015b\u0107<\/div>\t\t\t\t<\/div>\n\t\t\t\t<\/div>\n\t\t\t\t<\/div>\n\t\t<div class=\"elementor-element elementor-element-b85364a e-con-full e-flex e-con e-parent\" data-id=\"b85364a\" data-element_type=\"container\" data-e-type=\"container\">\n\t\t\t\t<div class=\"elementor-element elementor-element-916cd8a elementor-widget__width-inherit elementor-widget elementor-widget-heading\" data-id=\"916cd8a\" data-element_type=\"widget\" data-e-type=\"widget\" data-widget_type=\"heading.default\">\n\t\t\t\t<div class=\"elementor-widget-container\">\n\t\t\t\t\t<h2 class=\"elementor-heading-title elementor-size-default\">Pliki cookie i polityka prywatno\u015bci<\/h2>\t\t\t\t<\/div>\n\t\t\t\t<\/div>\n\t\t\t\t<\/div>\n\t\t<div class=\"elementor-element elementor-element-cb14f7b e-con-full e-flex e-con e-parent\" data-id=\"cb14f7b\" data-element_type=\"container\" data-e-type=\"container\">\n\t\t\t\t<div class=\"elementor-element elementor-element-592cce5 elementor-widget elementor-widget-text-editor\" data-id=\"592cce5\" data-element_type=\"widget\" data-e-type=\"widget\" data-widget_type=\"text-editor.default\">\n\t\t\t\t<div class=\"elementor-widget-container\">\n\t\t\t\t\t\t\t\t\t<h3>Pliki cookie<\/h3><p>Ta strona u\u017cywa plik\u00f3w cookie. U\u017cywamy plik\u00f3w cookie do personalizowania tre\u015bci i reklam, udost\u0119pniania funkcji medi\u00f3w spo\u0142eczno\u015bciowych i analizowania naszego ruchu. Udost\u0119pniamy r\u00f3wnie\u017c informacje o sposobie korzystania z naszej witryny naszym partnerom zajmuj\u0105cym si\u0119 analityk\u0105 internetow\u0105, reklam\u0105 i mediami spo\u0142eczno\u015bciowymi, kt\u00f3rzy mog\u0105 \u0142\u0105czy\u0107 je z innymi informacjami, kt\u00f3re im przekaza\u0142e\u015b lub kt\u00f3re zebrali podczas korzystania z ich us\u0142ug.<\/p><p>Pliki cookie to ma\u0142e pliki tekstowe, kt\u00f3re mog\u0105 by\u0107 u\u017cywane przez strony internetowe w celu usprawnienia obs\u0142ugi u\u017cytkownika.<\/p><p>Prawo stanowi, \u017ce mo\u017cemy przechowywa\u0107 pliki cookie na urz\u0105dzeniu u\u017cytkownika, je\u015bli s\u0105 one absolutnie niezb\u0119dne do dzia\u0142ania tej witryny. W przypadku wszystkich innych rodzaj\u00f3w plik\u00f3w cookie wymagana jest zgoda u\u017cytkownika.<\/p><p>Ta strona wykorzystuje r\u00f3\u017cne rodzaje plik\u00f3w cookie. Niekt\u00f3re pliki cookie s\u0105 umieszczane przez us\u0142ugi stron trzecich, kt\u00f3re pojawiaj\u0105 si\u0119 na naszych stronach.<\/p><p>U\u017cytkownik mo\u017ce zmieni\u0107 lub odwo\u0142a\u0107 swoj\u0105 zgod\u0119 w dowolnym momencie, korzystaj\u0105c z O\u015bwiadczenia dotycz\u0105cego plik\u00f3w cookie na naszej stronie internetowej.<\/p><p>Dowiedz si\u0119 wi\u0119cej o tym, kim jeste\u015bmy, jak mo\u017cesz si\u0119 z nami skontaktowa\u0107 i jak przetwarzamy dane osobowe w naszej Polityce prywatno\u015bci.<\/p><p><!-- notionvc: 6461157d-0a6b-4974-87e2-0ee23575b06d --><\/p>\t\t\t\t\t\t\t\t<\/div>\n\t\t\t\t<\/div>\n\t\t\t\t<\/div>\n\t\t<div class=\"elementor-element elementor-element-cd1f7a7 e-con-full e-flex e-con e-parent\" data-id=\"cd1f7a7\" data-element_type=\"container\" data-e-type=\"container\">\n\t\t\t\t<div class=\"elementor-element elementor-element-d8f6688 elementor-widget elementor-widget-text-editor\" data-id=\"d8f6688\" data-element_type=\"widget\" data-e-type=\"widget\" data-widget_type=\"text-editor.default\">\n\t\t\t\t<div class=\"elementor-widget-container\">\n\t\t\t\t\t\t\t\t\t<h3>Prywatno\u015b\u0107<\/h3>\n<p>Informacje zgodnie z art. 13 i 14 RODO 679\/2016 (og\u00f3lne rozporz\u0105dzenie o ochronie danych)<\/p>\n<p>Szanowny U\u017cytkowniku, niniejsza strona zawiera informacje, kt\u00f3re przekazujemy zgodnie z europejskim rozporz\u0105dzeniem o ochronie danych nr 679\/2016 z dnia 27 kwietnia 2016 r. obowi\u0105zuj\u0105cym od dnia 25 maja 2018 r. (og\u00f3lne rozporz\u0105dzenie o ochronie danych lub RODO) w zwi\u0105zku z przetwarzaniem Twoich danych osobowych (zwanych dalej \u201cdanymi osobowymi\u201d) w zwi\u0105zku z korzystaniem przez Ciebie ze strony internetowej (zwanej dalej \u201cStron\u0105\u201d). Administratorem danych osobowych u\u017cytkownika jest Tulipano di Giulia Valsecchi (zwany dalej r\u00f3wnie\u017c \u201cAdministratorem danych\u201d).<\/p>\n<p><b>Cel przetwarzania<\/b><\/p>\n<p><span style=\"font-style: inherit; font-weight: inherit; color: var( --e-global-color-2898289 );\">Dane osobowe b\u0119d\u0105 wykorzystywane przez Administratora w nast\u0119puj\u0105cych celach:<\/span><\/p>\n<p><span style=\"font-style: inherit; font-weight: inherit; color: var( --e-global-color-2898289 );\"> a) potwierdzania pr\u00f3\u015bb o kontakt za po\u015brednictwem formularza na Stronie; <\/span><\/p>\n<p><span style=\"font-style: inherit; font-weight: inherit; color: var( --e-global-color-2898289 );\">b) wysy\u0142ania biuletyn\u00f3w i\/lub komunikat\u00f3w promocyjnych poczt\u0105;<\/span><\/p>\n<p><span style=\"font-style: inherit; font-weight: inherit; color: var( --e-global-color-2898289 );\">(c) zarz\u0105dzanie wnioskami o rezerwacj\u0119 i zwi\u0105zanymi z nimi czynno\u015bciami administracyjnymi i podatkowymi.<\/span><\/p>\n<p><span style=\"font-style: inherit; font-weight: inherit; color: var( --e-global-color-2898289 );\">Witryna przetwarza dane przegl\u0105dania u\u017cytkownik\u00f3w za pomoc\u0105 plik\u00f3w cookie, jak opisano w odpowiednich zasadach dotycz\u0105cych plik\u00f3w cookie.<\/span><\/p>\n<p><b>Podstawa prawna przetwarzania&nbsp;<\/b><\/p>\n<p>Przetwarzanie danych osobowych jest niezb\u0119dne w celu udzielenia odpowiedzi na pro\u015bb\u0119 o kontakt i zarz\u0105dzania rezerwacjami; zgoda u\u017cytkownika jest wymagana do przetwarzania danych w celu wysy\u0142ania biuletyn\u00f3w i\/lub komunikat\u00f3w promocyjnych poczt\u0105 tradycyjn\u0105\/poczt\u0105.<\/p>\n<p><b>Ujawnianie danych stronom trzecim<\/b>&nbsp;<\/p>\n<p>Dane osobowe b\u0119d\u0105 ujawniane wy\u0142\u0105cznie<\/p>\n<ul>\n<li>firmom zewn\u0119trznym, kt\u00f3re \u015bwiadcz\u0105 us\u0142ugi zwi\u0105zane z dzia\u0142alno\u015bci\u0105 Administratora i z kt\u00f3rymi podpisano konkretne umowy zgodnie z RODO;<\/li>\n<li>podmiotom, kt\u00f3rym przekazanie Danych Osobowych jest niezb\u0119dne lub w inny spos\u00f3b funkcjonalne dla wy\u017cej wymienionych cel\u00f3w.<\/li>\n<\/ul>\n<p><b>Okres przechowywania danych<\/b><\/p>\n<p>Dane osobowe zebrane w celu wysy\u0142ania biuletyn\u00f3w i\/lub komunikat\u00f3w promocyjnych b\u0119d\u0105 przechowywane do czasu cofni\u0119cia zgody przez u\u017cytkownika. Dane osobowe zebrane za po\u015brednictwem formularzy kontaktowych zostan\u0105 usuni\u0119te po 12 miesi\u0105cach.<\/p>\n<p><b>Prawa osoby, kt\u00f3rej dane dotycz\u0105<\/b><\/p>\n<p>U\u017cytkownik mo\u017ce w dowolnym momencie i w stosownych przypadkach skorzysta\u0107 z nast\u0119puj\u0105cych praw:<\/p>\n<ol>\n<li>Dost\u0119p: \u017c\u0105danie od Administratora potwierdzenia, czy dane osobowe dotycz\u0105ce u\u017cytkownika s\u0105 przetwarzane;<\/li>\n<li>Kopia: \u017c\u0105danie od Administratora kopii przetwarzanych danych osobowych;<\/li>\n<li>Sprostowanie i uzupe\u0142nienie: \u017c\u0105danie sprostowania niedok\u0142adnych danych osobowych i uzupe\u0142nienia niekompletnych danych osobowych, w tym poprzez z\u0142o\u017cenie o\u015bwiadczenia uzupe\u0142niaj\u0105cego;<\/li>\n<li>Usuni\u0119cie: zwr\u00f3cenie si\u0119 do Administratora Danych o usuni\u0119cie danych osobowych dotycz\u0105cych u\u017cytkownika, je\u015bli zachodzi jeden z powod\u00f3w przewidzianych w RODO;<\/li>\n<li>Ograniczenie: zwr\u00f3cenie si\u0119 do Administratora Danych o ograniczenie przetwarzania, gdy wyst\u0105pi jeden z przypadk\u00f3w przewidzianych w RODO;<\/li>\n<li>Sprzeciw: U\u017cytkownik ma prawo w dowolnym momencie sprzeciwi\u0107 si\u0119 przetwarzaniu jego danych w przypadkach przewidzianych w art. 21 RODO. 7)<\/li>\n<li>Przenoszenie danych: U\u017cytkownik ma prawo, je\u017celi spe\u0142nione s\u0105 warunki okre\u015blone w art. 20 RODO, otrzyma\u0107 w ustrukturyzowanym, powszechnie u\u017cywanym formacie nadaj\u0105cym si\u0119 do odczytu maszynowego dane osobowe jego dotycz\u0105ce, kt\u00f3re dostarczy\u0142 Administratorowi;<\/li>\n<li>Skarga: U\u017cytkownik ma prawo z\u0142o\u017cy\u0107 skarg\u0119 do Gwaranta Ochrony Danych Osobowych. Informacje o tym, jak z\u0142o\u017cy\u0107 skarg\u0119, mo\u017cna znale\u017a\u0107 na stronie internetowej Gwaranta: <a href=\"http:\/\/www.garanteprivacy.it\/\">www.garanteprivacy.it<\/a>.<\/li>\n<\/ol>\n<p><!-- notionvc: 98b7878b-bdb8-430a-99a5-9e16141494f7 --><\/p>\n<p><!-- notionvc: 6461157d-0a6b-4974-87e2-0ee23575b06d --><\/p>\t\t\t\t\t\t\t\t<\/div>\n\t\t\t\t<\/div>\n\t\t\t\t<\/div>\n\t\t\t\t<\/div>","protected":false},"excerpt":{"rendered":"<p>Cookies ePrivacy Cookie e Privacy Policy Cookies Questo sito web utilizza i cookie. Utilizziamo i cookie per personalizzare contenuti ed [&hellip;]<\/p>\n","protected":false},"author":1,"featured_media":0,"parent":0,"menu_order":0,"comment_status":"closed","ping_status":"closed","template":"","meta":{"site-sidebar-layout":"no-sidebar","site-content-layout":"","ast-site-content-layout":"full-width-container","site-content-style":"default","site-sidebar-style":"default","ast-global-header-display":"","ast-banner-title-visibility":"","ast-main-header-display":"","ast-hfb-above-header-display":"","ast-hfb-below-header-display":"","ast-hfb-mobile-header-display":"","site-post-title":"disabled","ast-breadcrumbs-content":"","ast-featured-img":"disabled","footer-sml-layout":"","theme-transparent-header-meta":"","adv-header-id-meta":"","stick-header-meta":"","header-above-stick-meta":"","header-main-stick-meta":"","header-below-stick-meta":"","astra-migrate-meta-layouts":"default","ast-page-background-enabled":"default","ast-page-background-meta":{"desktop":{"background-color":"var(--ast-global-color-4)","background-image":"","background-repeat":"repeat","background-position":"center center","background-size":"auto","background-attachment":"scroll","background-type":"","background-media":"","overlay-type":"","overlay-color":"","overlay-opacity":"","overlay-gradient":""},"tablet":{"background-color":"","background-image":"","background-repeat":"repeat","background-position":"center center","background-size":"auto","background-attachment":"scroll","background-type":"","background-media":"","overlay-type":"","overlay-color":"","overlay-opacity":"","overlay-gradient":""},"mobile":{"background-color":"","background-image":"","background-repeat":"repeat","background-position":"center center","background-size":"auto","background-attachment":"scroll","background-type":"","background-media":"","overlay-type":"","overlay-color":"","overlay-opacity":"","overlay-gradient":""}},"ast-content-background-meta":{"desktop":{"background-color":"var(--ast-global-color-5)","background-image":"","background-repeat":"repeat","background-position":"center center","background-size":"auto","background-attachment":"scroll","background-type":"","background-media":"","overlay-type":"","overlay-color":"","overlay-opacity":"","overlay-gradient":""},"tablet":{"background-color":"var(--ast-global-color-5)","background-image":"","background-repeat":"repeat","background-position":"center center","background-size":"auto","background-attachment":"scroll","background-type":"","background-media":"","overlay-type":"","overlay-color":"","overlay-opacity":"","overlay-gradient":""},"mobile":{"background-color":"var(--ast-global-color-5)","background-image":"","background-repeat":"repeat","background-position":"center center","background-size":"auto","background-attachment":"scroll","background-type":"","background-media":"","overlay-type":"","overlay-color":"","overlay-opacity":"","overlay-gradient":""}},"footnotes":""},"class_list":["post-397","page","type-page","status-publish","hentry"],"yoast_head":"<!-- This site is optimized with the Yoast SEO plugin v27.4 - https:\/\/yoast.com\/product\/yoast-seo-wordpress\/ -->\n<title>Cookie e Privacy Policy - Magic Place Bergamo<\/title>\n<meta name=\"robots\" content=\"index, follow, max-snippet:-1, max-image-preview:large, max-video-preview:-1\" \/>\n<link rel=\"canonical\" href=\"https:\/\/www.magicplacebergamo.it\/pl\/cookies-polityka-prywatnosci\/\" \/>\n<meta property=\"og:locale\" content=\"pl_PL\" \/>\n<meta property=\"og:type\" content=\"article\" \/>\n<meta property=\"og:title\" content=\"Cookie e Privacy Policy - Magic Place Bergamo\" \/>\n<meta property=\"og:description\" content=\"Cookies ePrivacy Cookie e Privacy Policy Cookies Questo sito web utilizza i cookie. Utilizziamo i cookie per personalizzare contenuti ed [&hellip;]\" \/>\n<meta property=\"og:url\" content=\"https:\/\/www.magicplacebergamo.it\/pl\/cookies-polityka-prywatnosci\/\" \/>\n<meta property=\"og:site_name\" content=\"Magic Place Bergamo\" \/>\n<meta property=\"article:publisher\" content=\"https:\/\/www.facebook.com\/magicplacebergamo\" \/>\n<meta property=\"article:modified_time\" content=\"2024-09-05T14:29:43+00:00\" \/>\n<meta name=\"twitter:card\" content=\"summary_large_image\" \/>\n<meta name=\"twitter:label1\" content=\"Szacowany czas czytania\" \/>\n\t<meta name=\"twitter:data1\" content=\"4 minuty\" \/>\n<script type=\"application\/ld+json\" class=\"yoast-schema-graph\">{\"@context\":\"https:\\\/\\\/schema.org\",\"@graph\":[{\"@type\":\"WebPage\",\"@id\":\"https:\\\/\\\/www.magicplacebergamo.it\\\/cookies-privacy-policy\\\/\",\"url\":\"https:\\\/\\\/www.magicplacebergamo.it\\\/cookies-privacy-policy\\\/\",\"name\":\"Cookie e Privacy Policy - Magic Place Bergamo\",\"isPartOf\":{\"@id\":\"https:\\\/\\\/www.magicplacebergamo.it\\\/#website\"},\"datePublished\":\"2024-03-18T16:17:57+00:00\",\"dateModified\":\"2024-09-05T14:29:43+00:00\",\"breadcrumb\":{\"@id\":\"https:\\\/\\\/www.magicplacebergamo.it\\\/cookies-privacy-policy\\\/#breadcrumb\"},\"inLanguage\":\"pl-PL\",\"potentialAction\":[{\"@type\":\"ReadAction\",\"target\":[\"https:\\\/\\\/www.magicplacebergamo.it\\\/cookies-privacy-policy\\\/\"]}]},{\"@type\":\"BreadcrumbList\",\"@id\":\"https:\\\/\\\/www.magicplacebergamo.it\\\/cookies-privacy-policy\\\/#breadcrumb\",\"itemListElement\":[{\"@type\":\"ListItem\",\"position\":1,\"name\":\"Home\",\"item\":\"https:\\\/\\\/www.magicplacebergamo.it\\\/\"},{\"@type\":\"ListItem\",\"position\":2,\"name\":\"Cookie e Privacy Policy\"}]},{\"@type\":\"WebSite\",\"@id\":\"https:\\\/\\\/www.magicplacebergamo.it\\\/#website\",\"url\":\"https:\\\/\\\/www.magicplacebergamo.it\\\/\",\"name\":\"Magic Place Bergamo\",\"description\":\"welcome home\",\"publisher\":{\"@id\":\"https:\\\/\\\/www.magicplacebergamo.it\\\/#organization\"},\"alternateName\":\"Magic Place\",\"potentialAction\":[{\"@type\":\"SearchAction\",\"target\":{\"@type\":\"EntryPoint\",\"urlTemplate\":\"https:\\\/\\\/www.magicplacebergamo.it\\\/?s={search_term_string}\"},\"query-input\":{\"@type\":\"PropertyValueSpecification\",\"valueRequired\":true,\"valueName\":\"search_term_string\"}}],\"inLanguage\":\"pl-PL\"},{\"@type\":\"Organization\",\"@id\":\"https:\\\/\\\/www.magicplacebergamo.it\\\/#organization\",\"name\":\"Magic Place Bergamo Apartments\",\"alternateName\":\"Tulipano\",\"url\":\"https:\\\/\\\/www.magicplacebergamo.it\\\/\",\"logo\":{\"@type\":\"ImageObject\",\"inLanguage\":\"pl-PL\",\"@id\":\"https:\\\/\\\/www.magicplacebergamo.it\\\/#\\\/schema\\\/logo\\\/image\\\/\",\"url\":\"https:\\\/\\\/www.magicplacebergamo.it\\\/wp-content\\\/uploads\\\/2024\\\/03\\\/cropped-magic-place-bergamo-logo.png\",\"contentUrl\":\"https:\\\/\\\/www.magicplacebergamo.it\\\/wp-content\\\/uploads\\\/2024\\\/03\\\/cropped-magic-place-bergamo-logo.png\",\"width\":200,\"height\":200,\"caption\":\"Magic Place Bergamo Apartments\"},\"image\":{\"@id\":\"https:\\\/\\\/www.magicplacebergamo.it\\\/#\\\/schema\\\/logo\\\/image\\\/\"},\"sameAs\":[\"https:\\\/\\\/www.facebook.com\\\/magicplacebergamo\"]}]}<\/script>\n<!-- \/ Yoast SEO plugin. -->","yoast_head_json":{"title":"Cookie i polityka prywatno\u015bci - Magic Place Bergamo","robots":{"index":"index","follow":"follow","max-snippet":"max-snippet:-1","max-image-preview":"max-image-preview:large","max-video-preview":"max-video-preview:-1"},"canonical":"https:\/\/www.magicplacebergamo.it\/pl\/cookies-polityka-prywatnosci\/","og_locale":"pl_PL","og_type":"article","og_title":"Cookie e Privacy Policy - Magic Place Bergamo","og_description":"Cookies ePrivacy Cookie e Privacy Policy Cookies Questo sito web utilizza i cookie. Utilizziamo i cookie per personalizzare contenuti ed [&hellip;]","og_url":"https:\/\/www.magicplacebergamo.it\/pl\/cookies-polityka-prywatnosci\/","og_site_name":"Magic Place Bergamo","article_publisher":"https:\/\/www.facebook.com\/magicplacebergamo","article_modified_time":"2024-09-05T14:29:43+00:00","twitter_card":"summary_large_image","twitter_misc":{"Szacowany czas czytania":"4 minuty"},"schema":{"@context":"https:\/\/schema.org","@graph":[{"@type":"WebPage","@id":"https:\/\/www.magicplacebergamo.it\/cookies-privacy-policy\/","url":"https:\/\/www.magicplacebergamo.it\/cookies-privacy-policy\/","name":"Cookie i polityka prywatno\u015bci - Magic Place Bergamo","isPartOf":{"@id":"https:\/\/www.magicplacebergamo.it\/#website"},"datePublished":"2024-03-18T16:17:57+00:00","dateModified":"2024-09-05T14:29:43+00:00","breadcrumb":{"@id":"https:\/\/www.magicplacebergamo.it\/cookies-privacy-policy\/#breadcrumb"},"inLanguage":"pl-PL","potentialAction":[{"@type":"ReadAction","target":["https:\/\/www.magicplacebergamo.it\/cookies-privacy-policy\/"]}]},{"@type":"BreadcrumbList","@id":"https:\/\/www.magicplacebergamo.it\/cookies-privacy-policy\/#breadcrumb","itemListElement":[{"@type":"ListItem","position":1,"name":"Home","item":"https:\/\/www.magicplacebergamo.it\/"},{"@type":"ListItem","position":2,"name":"Cookie e Privacy Policy"}]},{"@type":"WebSite","@id":"https:\/\/www.magicplacebergamo.it\/#website","url":"https:\/\/www.magicplacebergamo.it\/","name":"Magic Place Bergamo","description":"Witamy w domu","publisher":{"@id":"https:\/\/www.magicplacebergamo.it\/#organization"},"alternateName":"Magic Place","potentialAction":[{"@type":"SearchAction","target":{"@type":"EntryPoint","urlTemplate":"https:\/\/www.magicplacebergamo.it\/?s={search_term_string}"},"query-input":{"@type":"PropertyValueSpecification","valueRequired":true,"valueName":"search_term_string"}}],"inLanguage":"pl-PL"},{"@type":"Organization","@id":"https:\/\/www.magicplacebergamo.it\/#organization","name":"Apartamenty Magic Place Bergamo","alternateName":"Tulipano","url":"https:\/\/www.magicplacebergamo.it\/","logo":{"@type":"ImageObject","inLanguage":"pl-PL","@id":"https:\/\/www.magicplacebergamo.it\/#\/schema\/logo\/image\/","url":"https:\/\/www.magicplacebergamo.it\/wp-content\/uploads\/2024\/03\/cropped-magic-place-bergamo-logo.png","contentUrl":"https:\/\/www.magicplacebergamo.it\/wp-content\/uploads\/2024\/03\/cropped-magic-place-bergamo-logo.png","width":200,"height":200,"caption":"Magic Place Bergamo Apartments"},"image":{"@id":"https:\/\/www.magicplacebergamo.it\/#\/schema\/logo\/image\/"},"sameAs":["https:\/\/www.facebook.com\/magicplacebergamo"]}]}},"_links":{"self":[{"href":"https:\/\/www.magicplacebergamo.it\/pl\/wp-json\/wp\/v2\/pages\/397","targetHints":{"allow":["GET"]}}],"collection":[{"href":"https:\/\/www.magicplacebergamo.it\/pl\/wp-json\/wp\/v2\/pages"}],"about":[{"href":"https:\/\/www.magicplacebergamo.it\/pl\/wp-json\/wp\/v2\/types\/page"}],"author":[{"embeddable":true,"href":"https:\/\/www.magicplacebergamo.it\/pl\/wp-json\/wp\/v2\/users\/1"}],"replies":[{"embeddable":true,"href":"https:\/\/www.magicplacebergamo.it\/pl\/wp-json\/wp\/v2\/comments?post=397"}],"version-history":[{"count":26,"href":"https:\/\/www.magicplacebergamo.it\/pl\/wp-json\/wp\/v2\/pages\/397\/revisions"}],"predecessor-version":[{"id":2042,"href":"https:\/\/www.magicplacebergamo.it\/pl\/wp-json\/wp\/v2\/pages\/397\/revisions\/2042"}],"wp:attachment":[{"href":"https:\/\/www.magicplacebergamo.it\/pl\/wp-json\/wp\/v2\/media?parent=397"}],"curies":[{"name":"wp","href":"https:\/\/api.w.org\/{rel}","templated":true}]}}