{"id":397,"date":"2024-03-18T17:17:57","date_gmt":"2024-03-18T16:17:57","guid":{"rendered":"https:\/\/www.magicplacebergamo.it\/appartamento-relax-copy\/"},"modified":"2024-09-05T16:29:43","modified_gmt":"2024-09-05T14:29:43","slug":"cookies-datenschutzrichtlinie","status":"publish","type":"page","link":"https:\/\/www.magicplacebergamo.it\/de\/cookies-privacy-policy\/","title":{"rendered":"Cookie- und Datenschutzrichtlinie"},"content":{"rendered":"<div data-elementor-type=\"wp-page\" data-elementor-id=\"397\" class=\"elementor elementor-397\">\n\t\t\t\t<div class=\"elementor-element elementor-element-3788ee7 e-con-full e-flex e-con e-parent\" data-id=\"3788ee7\" data-element_type=\"container\" data-e-type=\"container\" data-settings=\"{&quot;background_background&quot;:&quot;classic&quot;}\">\n\t\t\t\t<div class=\"elementor-element elementor-element-523413f elementor-widget elementor-widget-heading\" data-id=\"523413f\" data-element_type=\"widget\" data-e-type=\"widget\" data-widget_type=\"heading.default\">\n\t\t\t\t<div class=\"elementor-widget-container\">\n\t\t\t\t\t<div class=\"elementor-heading-title elementor-size-default\">Cookies und<br>Datenschutz<\/div>\t\t\t\t<\/div>\n\t\t\t\t<\/div>\n\t\t\t\t<\/div>\n\t\t<div class=\"elementor-element elementor-element-b85364a e-con-full e-flex e-con e-parent\" data-id=\"b85364a\" data-element_type=\"container\" data-e-type=\"container\">\n\t\t\t\t<div class=\"elementor-element elementor-element-916cd8a elementor-widget__width-inherit elementor-widget elementor-widget-heading\" data-id=\"916cd8a\" data-element_type=\"widget\" data-e-type=\"widget\" data-widget_type=\"heading.default\">\n\t\t\t\t<div class=\"elementor-widget-container\">\n\t\t\t\t\t<h2 class=\"elementor-heading-title elementor-size-default\">Cookie- und Datenschutzrichtlinie<\/h2>\t\t\t\t<\/div>\n\t\t\t\t<\/div>\n\t\t\t\t<\/div>\n\t\t<div class=\"elementor-element elementor-element-cb14f7b e-con-full e-flex e-con e-parent\" data-id=\"cb14f7b\" data-element_type=\"container\" data-e-type=\"container\">\n\t\t\t\t<div class=\"elementor-element elementor-element-592cce5 elementor-widget elementor-widget-text-editor\" data-id=\"592cce5\" data-element_type=\"widget\" data-e-type=\"widget\" data-widget_type=\"text-editor.default\">\n\t\t\t\t<div class=\"elementor-widget-container\">\n\t\t\t\t\t\t\t\t\t<h3>Cookies<\/h3><p>Diese Website verwendet Cookies. Wir verwenden Cookies, um Inhalte und Anzeigen zu personalisieren, um Funktionen f\u00fcr soziale Medien bereitzustellen und um unseren Datenverkehr zu analysieren. Wir teilen auch Informationen dar\u00fcber, wie Sie unsere Website nutzen, mit unseren Webanalyse-, Werbe- und Social-Media-Partnern, die diese mit anderen Informationen kombinieren k\u00f6nnen, die Sie ihnen zur Verf\u00fcgung gestellt haben oder die sie aus Ihrer Nutzung ihrer Dienste gesammelt haben.<\/p><p>Cookies sind kleine Textdateien, die von Websites verwendet werden k\u00f6nnen, um das Nutzererlebnis effizienter zu gestalten.<\/p><p>Das Gesetz besagt, dass wir Cookies auf Ihrem Ger\u00e4t speichern d\u00fcrfen, wenn sie f\u00fcr den Betrieb dieser Website unbedingt erforderlich sind. F\u00fcr alle anderen Arten von Cookies ben\u00f6tigen wir Ihre Zustimmung.<\/p><p>Diese Website verwendet verschiedene Arten von Cookies. Einige Cookies werden von Diensten Dritter gesetzt, die auf unseren Seiten erscheinen.<\/p><p>Sie k\u00f6nnen Ihre Zustimmung jederzeit \u00fcber die Cookie-Erkl\u00e4rung auf unserer Website \u00e4ndern oder widerrufen.<\/p><p>In unserer Datenschutzrichtlinie erfahren Sie mehr dar\u00fcber, wer wir sind, wie Sie uns kontaktieren k\u00f6nnen und wie wir personenbezogene Daten verarbeiten.<\/p><p><!-- notionvc: 6461157d-0a6b-4974-87e2-0ee23575b06d --><\/p>\t\t\t\t\t\t\t\t<\/div>\n\t\t\t\t<\/div>\n\t\t\t\t<\/div>\n\t\t<div class=\"elementor-element elementor-element-cd1f7a7 e-con-full e-flex e-con e-parent\" data-id=\"cd1f7a7\" data-element_type=\"container\" data-e-type=\"container\">\n\t\t\t\t<div class=\"elementor-element elementor-element-d8f6688 elementor-widget elementor-widget-text-editor\" data-id=\"d8f6688\" data-element_type=\"widget\" data-e-type=\"widget\" data-widget_type=\"text-editor.default\">\n\t\t\t\t<div class=\"elementor-widget-container\">\n\t\t\t\t\t\t\t\t\t<h3>Datenschutz<\/h3>\n<p>Informationen gem\u00e4\u00df den Artikeln 13 und 14, GDPR 679\/2016 (Allgemeine Datenschutzverordnung)<\/p>\n<p>Sehr geehrter Nutzer, dies sind die Informationen, die wir Ihnen gem\u00e4\u00df der Europ\u00e4ischen Datenschutzverordnung EU-VO Nr. 679\/2016 vom 27. April 2016, die ab dem 25. Mai 2018 gilt (Allgemeine Datenschutzverordnung oder GDPR), in Bezug auf die Verarbeitung Ihrer personenbezogenen Daten (im Folgenden \u201cpersonenbezogene Daten\u201d), die im Zusammenhang mit Ihrer Navigation auf der Website (im Folgenden \u201cWebsite\u201d) erfolgt, \u00fcbermitteln. Der f\u00fcr die Verarbeitung Ihrer personenbezogenen Daten Verantwortliche ist Tulipano di Giulia Valsecchi (im Folgenden auch der \u201cf\u00fcr die Verarbeitung Verantwortliche\u201d).<\/p>\n<p><b>Zweck der Verarbeitung<\/b><\/p>\n<p><span style=\"font-style: inherit; font-weight: inherit; color: var( --e-global-color-2898289 );\">Personenbezogene Daten werden von dem f\u00fcr die Verarbeitung Verantwortlichen f\u00fcr die folgenden Zwecke verwendet:<\/span><\/p>\n<p><span style=\"font-style: inherit; font-weight: inherit; color: var( --e-global-color-2898289 );\"> a) Kontaktanfragen \u00fcber das Formular auf der Website zu best\u00e4tigen; <\/span><\/p>\n<p><span style=\"font-style: inherit; font-weight: inherit; color: var( --e-global-color-2898289 );\">b) Newsletter und\/oder Werbemitteilungen per Mail\/Post zu versenden;<\/span><\/p>\n<p><span style=\"font-style: inherit; font-weight: inherit; color: var( --e-global-color-2898289 );\">(c) Verwaltung von Buchungsanfragen und der damit verbundenen Verwaltungs- und Steuerformalit\u00e4ten.<\/span><\/p>\n<p><span style=\"font-style: inherit; font-weight: inherit; color: var( --e-global-color-2898289 );\">Die Website verarbeitet die Browsing-Daten der Nutzer mit Hilfe von Cookies, wie in der entsprechenden Cookie-Richtlinie n\u00e4her erl\u00e4utert wird.<\/span><\/p>\n<p><b>Rechtsgrundlage f\u00fcr die Verarbeitung&nbsp;<\/b><\/p>\n<p>Die Verarbeitung personenbezogener Daten ist notwendig, um Ihre Kontaktanfrage zu beantworten und Buchungen zu verwalten; Ihre Zustimmung ist erforderlich f\u00fcr die Verarbeitung von Daten zum Zweck des Versands von Newslettern und\/oder Werbemitteilungen per Mail\/Post.<\/p>\n<p><b>Weitergabe von Daten an Dritte<\/b>&nbsp;<\/p>\n<p>Personenbezogene Daten werden nur weitergegeben an:<\/p>\n<ul>\n<li>Drittunternehmen, die Dienstleistungen im Zusammenhang mit der T\u00e4tigkeit des f\u00fcr die Verarbeitung Verantwortlichen erbringen und mit denen besondere Vereinbarungen gem\u00e4\u00df der DSGVO getroffen wurden;<\/li>\n<li>Personen, an die die Weitergabe Ihrer personenbezogenen Daten f\u00fcr die oben genannten Zwecke notwendig oder zweckm\u00e4\u00dfig ist.<\/li>\n<\/ul>\n<p><b>Dauer der Datenspeicherung<\/b><\/p>\n<p>Personenbezogene Daten, die zum Zweck des Versands von Newslettern und\/oder Werbemitteilungen erhoben wurden, werden so lange gespeichert, bis Sie Ihre Einwilligung widerrufen. Personenbezogene Daten, die \u00fcber Kontaktformulare erhoben wurden, werden nach 12 Monaten gel\u00f6scht.<\/p>\n<p><b>Rechte der betroffenen Person<\/b><\/p>\n<p>Sie k\u00f6nnen jederzeit und gegebenenfalls die folgenden Rechte aus\u00fcben:<\/p>\n<ol>\n<li>Zugang: Anforderung einer Best\u00e4tigung des f\u00fcr die Verarbeitung Verantwortlichen, ob Sie betreffende personenbezogene Daten verarbeitet werden oder nicht;<\/li>\n<li>Kopie: Anforderung einer Kopie der verarbeiteten personenbezogenen Daten bei dem f\u00fcr die Verarbeitung Verantwortlichen;<\/li>\n<li>Berichtigung und Erg\u00e4nzung: Beantragung der Berichtigung unrichtiger personenbezogener Daten und der Erg\u00e4nzung unvollst\u00e4ndiger personenbezogener Daten, auch durch Abgabe einer erg\u00e4nzenden Erkl\u00e4rung;<\/li>\n<li>L\u00f6schung: Aufforderung an den f\u00fcr die Verarbeitung Verantwortlichen, die Sie betreffenden personenbezogenen Daten zu l\u00f6schen, wenn einer der in der DSGVO genannten Gr\u00fcnde vorliegt;<\/li>\n<li>Einschr\u00e4nkung: Aufforderung an den f\u00fcr die Verarbeitung Verantwortlichen, die Verarbeitung einzuschr\u00e4nken, wenn einer der in der DSGVO vorgesehenen F\u00e4lle vorliegt;<\/li>\n<li>Widerspruch: Sie haben das Recht, der Verarbeitung Ihrer Daten in den in Artikel 21 der DSGVO vorgesehenen F\u00e4llen jederzeit zu widersprechen. 7)<\/li>\n<li>\u00dcbertragbarkeit: Sie haben das Recht, die Sie betreffenden personenbezogenen Daten, die Sie dem f\u00fcr die Verarbeitung Verantwortlichen zur Verf\u00fcgung gestellt haben, in einem strukturierten, g\u00e4ngigen und maschinenlesbaren Format zu erhalten, wenn die in Artikel 20 DSGVO genannten Bedingungen erf\u00fcllt sind;<\/li>\n<li>Beschwerde: Sie haben das Recht, bei der Garante per la Protezione dei Dati Personali eine Beschwerde einzureichen. Wie Sie eine Beschwerde einreichen k\u00f6nnen, erfahren Sie auf der Website der Garantiegeberin: <a href=\"http:\/\/www.garanteprivacy.it\/\">www.garanteprivacy.it<\/a>.<\/li>\n<\/ol>\n<p><!-- notionvc: 98b7878b-bdb8-430a-99a5-9e16141494f7 --><\/p>\n<p><!-- notionvc: 6461157d-0a6b-4974-87e2-0ee23575b06d --><\/p>\t\t\t\t\t\t\t\t<\/div>\n\t\t\t\t<\/div>\n\t\t\t\t<\/div>\n\t\t\t\t<\/div>","protected":false},"excerpt":{"rendered":"<p>Cookies ePrivacy Cookie e Privacy Policy Cookies Questo sito web utilizza i cookie. Utilizziamo i cookie per personalizzare contenuti ed [&hellip;]<\/p>\n","protected":false},"author":1,"featured_media":0,"parent":0,"menu_order":0,"comment_status":"closed","ping_status":"closed","template":"","meta":{"site-sidebar-layout":"no-sidebar","site-content-layout":"","ast-site-content-layout":"full-width-container","site-content-style":"default","site-sidebar-style":"default","ast-global-header-display":"","ast-banner-title-visibility":"","ast-main-header-display":"","ast-hfb-above-header-display":"","ast-hfb-below-header-display":"","ast-hfb-mobile-header-display":"","site-post-title":"disabled","ast-breadcrumbs-content":"","ast-featured-img":"disabled","footer-sml-layout":"","theme-transparent-header-meta":"","adv-header-id-meta":"","stick-header-meta":"","header-above-stick-meta":"","header-main-stick-meta":"","header-below-stick-meta":"","astra-migrate-meta-layouts":"default","ast-page-background-enabled":"default","ast-page-background-meta":{"desktop":{"background-color":"var(--ast-global-color-4)","background-image":"","background-repeat":"repeat","background-position":"center center","background-size":"auto","background-attachment":"scroll","background-type":"","background-media":"","overlay-type":"","overlay-color":"","overlay-opacity":"","overlay-gradient":""},"tablet":{"background-color":"","background-image":"","background-repeat":"repeat","background-position":"center center","background-size":"auto","background-attachment":"scroll","background-type":"","background-media":"","overlay-type":"","overlay-color":"","overlay-opacity":"","overlay-gradient":""},"mobile":{"background-color":"","background-image":"","background-repeat":"repeat","background-position":"center center","background-size":"auto","background-attachment":"scroll","background-type":"","background-media":"","overlay-type":"","overlay-color":"","overlay-opacity":"","overlay-gradient":""}},"ast-content-background-meta":{"desktop":{"background-color":"var(--ast-global-color-5)","background-image":"","background-repeat":"repeat","background-position":"center center","background-size":"auto","background-attachment":"scroll","background-type":"","background-media":"","overlay-type":"","overlay-color":"","overlay-opacity":"","overlay-gradient":""},"tablet":{"background-color":"var(--ast-global-color-5)","background-image":"","background-repeat":"repeat","background-position":"center center","background-size":"auto","background-attachment":"scroll","background-type":"","background-media":"","overlay-type":"","overlay-color":"","overlay-opacity":"","overlay-gradient":""},"mobile":{"background-color":"var(--ast-global-color-5)","background-image":"","background-repeat":"repeat","background-position":"center center","background-size":"auto","background-attachment":"scroll","background-type":"","background-media":"","overlay-type":"","overlay-color":"","overlay-opacity":"","overlay-gradient":""}},"footnotes":""},"class_list":["post-397","page","type-page","status-publish","hentry"],"yoast_head":"<!-- This site is optimized with the Yoast SEO plugin v27.4 - https:\/\/yoast.com\/product\/yoast-seo-wordpress\/ -->\n<title>Cookie e Privacy Policy - Magic Place Bergamo<\/title>\n<meta name=\"robots\" content=\"index, follow, max-snippet:-1, max-image-preview:large, max-video-preview:-1\" \/>\n<link rel=\"canonical\" href=\"https:\/\/www.magicplacebergamo.it\/de\/cookies-datenschutzrichtlinie\/\" \/>\n<meta property=\"og:locale\" content=\"de_DE\" \/>\n<meta property=\"og:type\" content=\"article\" \/>\n<meta property=\"og:title\" content=\"Cookie e Privacy Policy - Magic Place Bergamo\" \/>\n<meta property=\"og:description\" content=\"Cookies ePrivacy Cookie e Privacy Policy Cookies Questo sito web utilizza i cookie. Utilizziamo i cookie per personalizzare contenuti ed [&hellip;]\" \/>\n<meta property=\"og:url\" content=\"https:\/\/www.magicplacebergamo.it\/de\/cookies-datenschutzrichtlinie\/\" \/>\n<meta property=\"og:site_name\" content=\"Magic Place Bergamo\" \/>\n<meta property=\"article:publisher\" content=\"https:\/\/www.facebook.com\/magicplacebergamo\" \/>\n<meta property=\"article:modified_time\" content=\"2024-09-05T14:29:43+00:00\" \/>\n<meta name=\"twitter:card\" content=\"summary_large_image\" \/>\n<meta name=\"twitter:label1\" content=\"Gesch\u00e4tzte Lesezeit\" \/>\n\t<meta name=\"twitter:data1\" content=\"4\u00a0Minuten\" \/>\n<script type=\"application\/ld+json\" class=\"yoast-schema-graph\">{\"@context\":\"https:\\\/\\\/schema.org\",\"@graph\":[{\"@type\":\"WebPage\",\"@id\":\"https:\\\/\\\/www.magicplacebergamo.it\\\/cookies-privacy-policy\\\/\",\"url\":\"https:\\\/\\\/www.magicplacebergamo.it\\\/cookies-privacy-policy\\\/\",\"name\":\"Cookie e Privacy Policy - Magic Place Bergamo\",\"isPartOf\":{\"@id\":\"https:\\\/\\\/www.magicplacebergamo.it\\\/#website\"},\"datePublished\":\"2024-03-18T16:17:57+00:00\",\"dateModified\":\"2024-09-05T14:29:43+00:00\",\"breadcrumb\":{\"@id\":\"https:\\\/\\\/www.magicplacebergamo.it\\\/cookies-privacy-policy\\\/#breadcrumb\"},\"inLanguage\":\"de\",\"potentialAction\":[{\"@type\":\"ReadAction\",\"target\":[\"https:\\\/\\\/www.magicplacebergamo.it\\\/cookies-privacy-policy\\\/\"]}]},{\"@type\":\"BreadcrumbList\",\"@id\":\"https:\\\/\\\/www.magicplacebergamo.it\\\/cookies-privacy-policy\\\/#breadcrumb\",\"itemListElement\":[{\"@type\":\"ListItem\",\"position\":1,\"name\":\"Home\",\"item\":\"https:\\\/\\\/www.magicplacebergamo.it\\\/\"},{\"@type\":\"ListItem\",\"position\":2,\"name\":\"Cookie e Privacy Policy\"}]},{\"@type\":\"WebSite\",\"@id\":\"https:\\\/\\\/www.magicplacebergamo.it\\\/#website\",\"url\":\"https:\\\/\\\/www.magicplacebergamo.it\\\/\",\"name\":\"Magic Place Bergamo\",\"description\":\"welcome home\",\"publisher\":{\"@id\":\"https:\\\/\\\/www.magicplacebergamo.it\\\/#organization\"},\"alternateName\":\"Magic Place\",\"potentialAction\":[{\"@type\":\"SearchAction\",\"target\":{\"@type\":\"EntryPoint\",\"urlTemplate\":\"https:\\\/\\\/www.magicplacebergamo.it\\\/?s={search_term_string}\"},\"query-input\":{\"@type\":\"PropertyValueSpecification\",\"valueRequired\":true,\"valueName\":\"search_term_string\"}}],\"inLanguage\":\"de\"},{\"@type\":\"Organization\",\"@id\":\"https:\\\/\\\/www.magicplacebergamo.it\\\/#organization\",\"name\":\"Magic Place Bergamo Apartments\",\"alternateName\":\"Tulipano\",\"url\":\"https:\\\/\\\/www.magicplacebergamo.it\\\/\",\"logo\":{\"@type\":\"ImageObject\",\"inLanguage\":\"de\",\"@id\":\"https:\\\/\\\/www.magicplacebergamo.it\\\/#\\\/schema\\\/logo\\\/image\\\/\",\"url\":\"https:\\\/\\\/www.magicplacebergamo.it\\\/wp-content\\\/uploads\\\/2024\\\/03\\\/cropped-magic-place-bergamo-logo.png\",\"contentUrl\":\"https:\\\/\\\/www.magicplacebergamo.it\\\/wp-content\\\/uploads\\\/2024\\\/03\\\/cropped-magic-place-bergamo-logo.png\",\"width\":200,\"height\":200,\"caption\":\"Magic Place Bergamo Apartments\"},\"image\":{\"@id\":\"https:\\\/\\\/www.magicplacebergamo.it\\\/#\\\/schema\\\/logo\\\/image\\\/\"},\"sameAs\":[\"https:\\\/\\\/www.facebook.com\\\/magicplacebergamo\"]}]}<\/script>\n<!-- \/ Yoast SEO plugin. -->","yoast_head_json":{"title":"Cookie- und Datenschutzrichtlinie - Magic Place Bergamo","robots":{"index":"index","follow":"follow","max-snippet":"max-snippet:-1","max-image-preview":"max-image-preview:large","max-video-preview":"max-video-preview:-1"},"canonical":"https:\/\/www.magicplacebergamo.it\/de\/cookies-datenschutzrichtlinie\/","og_locale":"de_DE","og_type":"article","og_title":"Cookie e Privacy Policy - Magic Place Bergamo","og_description":"Cookies ePrivacy Cookie e Privacy Policy Cookies Questo sito web utilizza i cookie. Utilizziamo i cookie per personalizzare contenuti ed [&hellip;]","og_url":"https:\/\/www.magicplacebergamo.it\/de\/cookies-datenschutzrichtlinie\/","og_site_name":"Magic Place Bergamo","article_publisher":"https:\/\/www.facebook.com\/magicplacebergamo","article_modified_time":"2024-09-05T14:29:43+00:00","twitter_card":"summary_large_image","twitter_misc":{"Gesch\u00e4tzte Lesezeit":"4\u00a0Minuten"},"schema":{"@context":"https:\/\/schema.org","@graph":[{"@type":"WebPage","@id":"https:\/\/www.magicplacebergamo.it\/cookies-privacy-policy\/","url":"https:\/\/www.magicplacebergamo.it\/cookies-privacy-policy\/","name":"Cookie- und Datenschutzrichtlinie - Magic Place Bergamo","isPartOf":{"@id":"https:\/\/www.magicplacebergamo.it\/#website"},"datePublished":"2024-03-18T16:17:57+00:00","dateModified":"2024-09-05T14:29:43+00:00","breadcrumb":{"@id":"https:\/\/www.magicplacebergamo.it\/cookies-privacy-policy\/#breadcrumb"},"inLanguage":"de","potentialAction":[{"@type":"ReadAction","target":["https:\/\/www.magicplacebergamo.it\/cookies-privacy-policy\/"]}]},{"@type":"BreadcrumbList","@id":"https:\/\/www.magicplacebergamo.it\/cookies-privacy-policy\/#breadcrumb","itemListElement":[{"@type":"ListItem","position":1,"name":"Home","item":"https:\/\/www.magicplacebergamo.it\/"},{"@type":"ListItem","position":2,"name":"Cookie e Privacy Policy"}]},{"@type":"WebSite","@id":"https:\/\/www.magicplacebergamo.it\/#website","url":"https:\/\/www.magicplacebergamo.it\/","name":"Magischer Ort Bergamo","description":"Willkommen zu Hause","publisher":{"@id":"https:\/\/www.magicplacebergamo.it\/#organization"},"alternateName":"Magic Place","potentialAction":[{"@type":"SearchAction","target":{"@type":"EntryPoint","urlTemplate":"https:\/\/www.magicplacebergamo.it\/?s={search_term_string}"},"query-input":{"@type":"PropertyValueSpecification","valueRequired":true,"valueName":"search_term_string"}}],"inLanguage":"de"},{"@type":"Organization","@id":"https:\/\/www.magicplacebergamo.it\/#organization","name":"Magic Place Bergamo Wohnungen","alternateName":"Tulipano","url":"https:\/\/www.magicplacebergamo.it\/","logo":{"@type":"ImageObject","inLanguage":"de","@id":"https:\/\/www.magicplacebergamo.it\/#\/schema\/logo\/image\/","url":"https:\/\/www.magicplacebergamo.it\/wp-content\/uploads\/2024\/03\/cropped-magic-place-bergamo-logo.png","contentUrl":"https:\/\/www.magicplacebergamo.it\/wp-content\/uploads\/2024\/03\/cropped-magic-place-bergamo-logo.png","width":200,"height":200,"caption":"Magic Place Bergamo Apartments"},"image":{"@id":"https:\/\/www.magicplacebergamo.it\/#\/schema\/logo\/image\/"},"sameAs":["https:\/\/www.facebook.com\/magicplacebergamo"]}]}},"_links":{"self":[{"href":"https:\/\/www.magicplacebergamo.it\/de\/wp-json\/wp\/v2\/pages\/397","targetHints":{"allow":["GET"]}}],"collection":[{"href":"https:\/\/www.magicplacebergamo.it\/de\/wp-json\/wp\/v2\/pages"}],"about":[{"href":"https:\/\/www.magicplacebergamo.it\/de\/wp-json\/wp\/v2\/types\/page"}],"author":[{"embeddable":true,"href":"https:\/\/www.magicplacebergamo.it\/de\/wp-json\/wp\/v2\/users\/1"}],"replies":[{"embeddable":true,"href":"https:\/\/www.magicplacebergamo.it\/de\/wp-json\/wp\/v2\/comments?post=397"}],"version-history":[{"count":26,"href":"https:\/\/www.magicplacebergamo.it\/de\/wp-json\/wp\/v2\/pages\/397\/revisions"}],"predecessor-version":[{"id":2042,"href":"https:\/\/www.magicplacebergamo.it\/de\/wp-json\/wp\/v2\/pages\/397\/revisions\/2042"}],"wp:attachment":[{"href":"https:\/\/www.magicplacebergamo.it\/de\/wp-json\/wp\/v2\/media?parent=397"}],"curies":[{"name":"wp","href":"https:\/\/api.w.org\/{rel}","templated":true}]}}